{"id":625,"date":"2018-11-15T03:51:24","date_gmt":"2018-11-15T03:51:24","guid":{"rendered":"https:\/\/fernetnero53.com\/new\/?page_id=625"},"modified":"2024-06-27T12:07:11","modified_gmt":"2024-06-27T12:07:11","slug":"belmondo","status":"publish","type":"page","link":"https:\/\/fernetnero53.com\/en\/nuestros-cocteles\/belmondo\/","title":{"rendered":"BELMONDO"},"content":{"rendered":"<div data-elementor-type=\"wp-post\" data-elementor-id=\"625\" class=\"elementor elementor-625\" data-elementor-post-type=\"page\">\n\t\t\t\t\t\t<section class=\"elementor-section elementor-top-section elementor-element elementor-element-efa0ed2 elementor-section-height-min-height elementor-section-boxed elementor-section-height-default elementor-section-items-middle\" data-id=\"efa0ed2\" data-element_type=\"section\" data-e-type=\"section\" data-settings=\"{&quot;background_background&quot;:&quot;classic&quot;}\">\n\t\t\t\t\t\t\t<div class=\"elementor-background-overlay\"><\/div>\n\t\t\t\t\t\t\t<div class=\"elementor-container elementor-column-gap-default\">\n\t\t\t\t\t<div class=\"elementor-column elementor-col-50 elementor-top-column elementor-element elementor-element-c8916b7\" data-id=\"c8916b7\" data-element_type=\"column\" data-e-type=\"column\">\n\t\t\t<div class=\"elementor-widget-wrap\">\n\t\t\t\t\t\t\t<\/div>\n\t\t<\/div>\n\t\t\t\t<div class=\"elementor-column elementor-col-50 elementor-top-column elementor-element elementor-element-84f3f3a\" data-id=\"84f3f3a\" data-element_type=\"column\" data-e-type=\"column\" data-settings=\"{&quot;background_background&quot;:&quot;classic&quot;}\">\n\t\t\t<div class=\"elementor-widget-wrap elementor-element-populated\">\n\t\t\t\t\t\t<div class=\"elementor-element elementor-element-95a1a67 elementor-widget elementor-widget-heading\" data-id=\"95a1a67\" data-element_type=\"widget\" data-e-type=\"widget\" data-widget_type=\"heading.default\">\n\t\t\t\t\t<h2 class=\"elementor-heading-title elementor-size-default\">nero 53 Citrus<\/h2>\t\t\t\t<\/div>\n\t\t\t\t<div class=\"elementor-element elementor-element-2d6d894 elementor-widget elementor-widget-heading\" data-id=\"2d6d894\" data-element_type=\"widget\" data-e-type=\"widget\" data-widget_type=\"heading.default\">\n\t\t\t\t\t<h2 class=\"elementor-heading-title elementor-size-default\">Belmondo<\/h2>\t\t\t\t<\/div>\n\t\t\t\t<div class=\"elementor-element elementor-element-fe74ea2 elementor-widget-divider--view-line elementor-widget elementor-widget-divider\" data-id=\"fe74ea2\" data-element_type=\"widget\" data-e-type=\"widget\" data-widget_type=\"divider.default\">\n\t\t\t\t\t\t\t<div class=\"elementor-divider\">\n\t\t\t<span class=\"elementor-divider-separator\">\n\t\t\t\t\t\t<\/span>\n\t\t<\/div>\n\t\t\t\t\t\t<\/div>\n\t\t\t\t<section class=\"elementor-section elementor-inner-section elementor-element elementor-element-06ed578 elementor-section-full_width elementor-section-height-default elementor-section-height-default\" data-id=\"06ed578\" data-element_type=\"section\" data-e-type=\"section\">\n\t\t\t\t\t\t<div class=\"elementor-container elementor-column-gap-narrow\">\n\t\t\t\t\t<div class=\"elementor-column elementor-col-100 elementor-inner-column elementor-element elementor-element-e106d82\" data-id=\"e106d82\" data-element_type=\"column\" data-e-type=\"column\">\n\t\t\t<div class=\"elementor-widget-wrap elementor-element-populated\">\n\t\t\t\t\t\t<div class=\"elementor-element elementor-element-4fe3018 elementor-widget elementor-widget-heading\" data-id=\"4fe3018\" data-element_type=\"widget\" data-e-type=\"widget\" data-widget_type=\"heading.default\">\n\t\t\t\t\t<p class=\"elementor-heading-title elementor-size-default\">This is a very easy way to prepare cocktail as well as refreshing. You may amaze your friends without making a great effort. Citrus combination between the red bitter and Nero 53 citrus is perfect to drink before meals.<\/p>\t\t\t\t<\/div>\n\t\t\t\t<div class=\"elementor-element elementor-element-ee25e8f elementor-widget-divider--view-line elementor-widget elementor-widget-divider\" data-id=\"ee25e8f\" data-element_type=\"widget\" data-e-type=\"widget\" data-widget_type=\"divider.default\">\n\t\t\t\t\t\t\t<div class=\"elementor-divider\">\n\t\t\t<span class=\"elementor-divider-separator\">\n\t\t\t\t\t\t<\/span>\n\t\t<\/div>\n\t\t\t\t\t\t<\/div>\n\t\t\t\t<div class=\"elementor-element elementor-element-d86ab29 elementor-widget elementor-widget-text-editor\" data-id=\"d86ab29\" data-element_type=\"widget\" data-e-type=\"widget\" data-widget_type=\"text-editor.default\">\n\t\t\t\t\t\t\t\t\t<ul><li class=\"translation-block\">Nero Citrus: 45cc<\/li><li class=\"translation-block\">Red Bitter: 30cc<\/li><li class=\"translation-block\">Lemon Juice: 30cc<\/li><li class=\"translation-block\">Syrup: 30cc<\/li><li class=\"translation-block\">Soda: 200cc<\/li><li>Garnish: Rosemary<\/li><\/ul>\t\t\t\t\t\t\t\t<\/div>\n\t\t\t\t\t<\/div>\n\t\t<\/div>\n\t\t\t\t\t<\/div>\n\t\t<\/section>\n\t\t\t\t\t<\/div>\n\t\t<\/div>\n\t\t\t\t\t<\/div>\n\t\t<\/section>\n\t\t\t\t<\/div>","protected":false},"excerpt":{"rendered":"<p>nero 53 Citrus Belmondo Este c\u00f3ctel es es tan f\u00e1cil de preparar como refrescante. Para sorprender amigos sin tanto esfuerzo. La combinaci\u00f3n de c\u00edtricos entre el Bitter Rojo y Negro 53 citrus es perfecta para antes de las comidas. Nero Citrus: 45cc Bitter Rojo: 30cc Jugo de Lim\u00f3n: 30cc Alm\u00edbar: 30cc Soda: 200cc Garnish: Rama [&hellip;]<\/p>\n","protected":false},"author":5,"featured_media":511,"parent":569,"menu_order":0,"comment_status":"closed","ping_status":"closed","template":"","meta":{"_acf_changed":false,"footnotes":""},"categories":[6],"tags":[8],"class_list":["post-625","page","type-page","status-publish","has-post-thumbnail","hentry","category-coctel","tag-citrus"],"acf":[],"_links":{"self":[{"href":"https:\/\/fernetnero53.com\/en\/wp-json\/wp\/v2\/pages\/625","targetHints":{"allow":["GET"]}}],"collection":[{"href":"https:\/\/fernetnero53.com\/en\/wp-json\/wp\/v2\/pages"}],"about":[{"href":"https:\/\/fernetnero53.com\/en\/wp-json\/wp\/v2\/types\/page"}],"author":[{"embeddable":true,"href":"https:\/\/fernetnero53.com\/en\/wp-json\/wp\/v2\/users\/5"}],"replies":[{"embeddable":true,"href":"https:\/\/fernetnero53.com\/en\/wp-json\/wp\/v2\/comments?post=625"}],"version-history":[{"count":0,"href":"https:\/\/fernetnero53.com\/en\/wp-json\/wp\/v2\/pages\/625\/revisions"}],"up":[{"embeddable":true,"href":"https:\/\/fernetnero53.com\/en\/wp-json\/wp\/v2\/pages\/569"}],"wp:featuredmedia":[{"embeddable":true,"href":"https:\/\/fernetnero53.com\/en\/wp-json\/wp\/v2\/media\/511"}],"wp:attachment":[{"href":"https:\/\/fernetnero53.com\/en\/wp-json\/wp\/v2\/media?parent=625"}],"wp:term":[{"taxonomy":"category","embeddable":true,"href":"https:\/\/fernetnero53.com\/en\/wp-json\/wp\/v2\/categories?post=625"},{"taxonomy":"post_tag","embeddable":true,"href":"https:\/\/fernetnero53.com\/en\/wp-json\/wp\/v2\/tags?post=625"}],"curies":[{"name":"wp","href":"https:\/\/api.w.org\/{rel}","templated":true}]}}