{"id":634,"date":"2018-11-15T03:54:05","date_gmt":"2018-11-15T03:54:05","guid":{"rendered":"https:\/\/fernetnero53.com\/new\/?page_id=634"},"modified":"2024-06-27T12:07:15","modified_gmt":"2024-06-27T12:07:15","slug":"indiana-jones","status":"publish","type":"page","link":"https:\/\/fernetnero53.com\/en\/nuestros-cocteles\/indiana-jones\/","title":{"rendered":"INDIANA JONES"},"content":{"rendered":"<div data-elementor-type=\"wp-post\" data-elementor-id=\"634\" class=\"elementor elementor-634\" data-elementor-post-type=\"page\">\n\t\t\t\t\t\t<section class=\"elementor-section elementor-top-section elementor-element elementor-element-16afc38 elementor-section-height-min-height elementor-section-boxed elementor-section-height-default elementor-section-items-middle\" data-id=\"16afc38\" data-element_type=\"section\" data-e-type=\"section\" data-settings=\"{&quot;background_background&quot;:&quot;classic&quot;}\">\n\t\t\t\t\t\t\t<div class=\"elementor-background-overlay\"><\/div>\n\t\t\t\t\t\t\t<div class=\"elementor-container elementor-column-gap-default\">\n\t\t\t\t\t<div class=\"elementor-column elementor-col-50 elementor-top-column elementor-element elementor-element-248a629\" data-id=\"248a629\" data-element_type=\"column\" data-e-type=\"column\">\n\t\t\t<div class=\"elementor-widget-wrap\">\n\t\t\t\t\t\t\t<\/div>\n\t\t<\/div>\n\t\t\t\t<div class=\"elementor-column elementor-col-50 elementor-top-column elementor-element elementor-element-92cc74f\" data-id=\"92cc74f\" data-element_type=\"column\" data-e-type=\"column\" data-settings=\"{&quot;background_background&quot;:&quot;classic&quot;}\">\n\t\t\t<div class=\"elementor-widget-wrap elementor-element-populated\">\n\t\t\t\t\t\t<div class=\"elementor-element elementor-element-09ea374 elementor-widget elementor-widget-heading\" data-id=\"09ea374\" data-element_type=\"widget\" data-e-type=\"widget\" data-widget_type=\"heading.default\">\n\t\t\t\t\t<h2 class=\"elementor-heading-title elementor-size-default\">Master Ship<\/h2>\t\t\t\t<\/div>\n\t\t\t\t<div class=\"elementor-element elementor-element-d3dbb3b elementor-widget elementor-widget-heading\" data-id=\"d3dbb3b\" data-element_type=\"widget\" data-e-type=\"widget\" data-widget_type=\"heading.default\">\n\t\t\t\t\t<h2 class=\"elementor-heading-title elementor-size-default\">Indiana Jones<\/h2>\t\t\t\t<\/div>\n\t\t\t\t<div class=\"elementor-element elementor-element-482d890 elementor-widget-divider--view-line elementor-widget elementor-widget-divider\" data-id=\"482d890\" data-element_type=\"widget\" data-e-type=\"widget\" data-widget_type=\"divider.default\">\n\t\t\t\t\t\t\t<div class=\"elementor-divider\">\n\t\t\t<span class=\"elementor-divider-separator\">\n\t\t\t\t\t\t<\/span>\n\t\t<\/div>\n\t\t\t\t\t\t<\/div>\n\t\t\t\t<section class=\"elementor-section elementor-inner-section elementor-element elementor-element-7be523c elementor-section-full_width elementor-section-height-default elementor-section-height-default\" data-id=\"7be523c\" data-element_type=\"section\" data-e-type=\"section\">\n\t\t\t\t\t\t<div class=\"elementor-container elementor-column-gap-narrow\">\n\t\t\t\t\t<div class=\"elementor-column elementor-col-100 elementor-inner-column elementor-element elementor-element-1d753a2\" data-id=\"1d753a2\" data-element_type=\"column\" data-e-type=\"column\">\n\t\t\t<div class=\"elementor-widget-wrap elementor-element-populated\">\n\t\t\t\t\t\t<div class=\"elementor-element elementor-element-5cc0f27 elementor-widget elementor-widget-heading\" data-id=\"5cc0f27\" data-element_type=\"widget\" data-e-type=\"widget\" data-widget_type=\"heading.default\">\n\t\t\t\t\t<p class=\"elementor-heading-title elementor-size-default\">Tall drink. Direct. This is a fresh and intense cocktail caused by the mint and the aniseed combination of our Mastership. It is special for summer nights.<\/p>\t\t\t\t<\/div>\n\t\t\t\t<div class=\"elementor-element elementor-element-8226ece elementor-widget-divider--view-line elementor-widget elementor-widget-divider\" data-id=\"8226ece\" data-element_type=\"widget\" data-e-type=\"widget\" data-widget_type=\"divider.default\">\n\t\t\t\t\t\t\t<div class=\"elementor-divider\">\n\t\t\t<span class=\"elementor-divider-separator\">\n\t\t\t\t\t\t<\/span>\n\t\t<\/div>\n\t\t\t\t\t\t<\/div>\n\t\t\t\t<div class=\"elementor-element elementor-element-78b305a elementor-widget elementor-widget-text-editor\" data-id=\"78b305a\" data-element_type=\"widget\" data-e-type=\"widget\" data-widget_type=\"text-editor.default\">\n\t\t\t\t\t\t\t\t\t<ul><li class=\"translation-block\">MASTER SHIP: 45CC<\/li><li class=\"translation-block\">Lemon \/ lime juice: 15cc<\/li><li class=\"translation-block\">Mint syrup: 30cc<\/li><li>Ginger and crushed lime<\/li><li>Tonic water \/ Ginger Ale<\/li><li>Garnish: mint, lime and star anise<\/li><li>Tall Drink. Direct<\/li><\/ul>\t\t\t\t\t\t\t\t<\/div>\n\t\t\t\t\t<\/div>\n\t\t<\/div>\n\t\t\t\t\t<\/div>\n\t\t<\/section>\n\t\t\t\t\t<\/div>\n\t\t<\/div>\n\t\t\t\t\t<\/div>\n\t\t<\/section>\n\t\t\t\t<\/div>","protected":false},"excerpt":{"rendered":"<p>Master Ship Indiana Jones Este c\u00f3ctel es fresco e intenso provocado por la combinaci\u00f3n de la menta y el an\u00eds de nuestro Mastership. Ideal para noches estivales. Master Ship: 45cc Jugo de Lim\u00f3n\/Lima: 15cc Alm\u00edbar Menta: 30cc Jengibre y limas pisada Soda\/Ginger Ale Garnish: Menta, Lima y An\u00eds estrellado Trago Largo, Directo<\/p>","protected":false},"author":5,"featured_media":509,"parent":569,"menu_order":0,"comment_status":"closed","ping_status":"closed","template":"","meta":{"_acf_changed":false,"footnotes":""},"categories":[6],"tags":[10],"class_list":["post-634","page","type-page","status-publish","has-post-thumbnail","hentry","category-coctel","tag-master-ship"],"acf":[],"_links":{"self":[{"href":"https:\/\/fernetnero53.com\/en\/wp-json\/wp\/v2\/pages\/634","targetHints":{"allow":["GET"]}}],"collection":[{"href":"https:\/\/fernetnero53.com\/en\/wp-json\/wp\/v2\/pages"}],"about":[{"href":"https:\/\/fernetnero53.com\/en\/wp-json\/wp\/v2\/types\/page"}],"author":[{"embeddable":true,"href":"https:\/\/fernetnero53.com\/en\/wp-json\/wp\/v2\/users\/5"}],"replies":[{"embeddable":true,"href":"https:\/\/fernetnero53.com\/en\/wp-json\/wp\/v2\/comments?post=634"}],"version-history":[{"count":0,"href":"https:\/\/fernetnero53.com\/en\/wp-json\/wp\/v2\/pages\/634\/revisions"}],"up":[{"embeddable":true,"href":"https:\/\/fernetnero53.com\/en\/wp-json\/wp\/v2\/pages\/569"}],"wp:featuredmedia":[{"embeddable":true,"href":"https:\/\/fernetnero53.com\/en\/wp-json\/wp\/v2\/media\/509"}],"wp:attachment":[{"href":"https:\/\/fernetnero53.com\/en\/wp-json\/wp\/v2\/media?parent=634"}],"wp:term":[{"taxonomy":"category","embeddable":true,"href":"https:\/\/fernetnero53.com\/en\/wp-json\/wp\/v2\/categories?post=634"},{"taxonomy":"post_tag","embeddable":true,"href":"https:\/\/fernetnero53.com\/en\/wp-json\/wp\/v2\/tags?post=634"}],"curies":[{"name":"wp","href":"https:\/\/api.w.org\/{rel}","templated":true}]}}