{"id":907,"date":"2019-11-05T00:17:14","date_gmt":"2019-11-05T00:17:14","guid":{"rendered":"https:\/\/fernetnero53.com\/?post_type=product&#038;p=907"},"modified":"2019-11-26T09:17:02","modified_gmt":"2019-11-26T09:17:02","slug":"maracuya","status":"publish","type":"product","link":"https:\/\/fernetnero53.com\/en\/product\/maracuya\/","title":{"rendered":"Maracuya"},"content":{"rendered":"<p><strong>LOS AROMAS Y SABORES QUE RESULTAN DEL APORTE EQUILIBRADO DEL MARACUY\u00c1 Y DE CANTIDADES EXTRAS DE CANELA Y COLOMBO NOS TRANSPORTAN AL FANT\u00c1STICO MUNDO EX\u00d3TICO DE LA FRUTA PASIONARIA.<\/strong><br \/>\nIdeal para combinar con agua t\u00f3nica, gaseosa pomelo o en tragos frescos <\/p>","protected":false},"excerpt":{"rendered":"<p>Handmade fernet with 53 herbs from different places of the world and matured for 12 months before selling it.<\/p>","protected":false},"featured_media":436,"template":"","meta":{"_acf_changed":false},"product_brand":[],"product_cat":[35],"product_tag":[],"class_list":{"0":"post-907","1":"product","2":"type-product","3":"status-publish","4":"has-post-thumbnail","6":"product_cat-saborizados","8":"first","9":"instock","10":"shipping-taxable","11":"purchasable","12":"product-type-simple"},"acf":[],"_links":{"self":[{"href":"https:\/\/fernetnero53.com\/en\/wp-json\/wp\/v2\/product\/907","targetHints":{"allow":["GET"]}}],"collection":[{"href":"https:\/\/fernetnero53.com\/en\/wp-json\/wp\/v2\/product"}],"about":[{"href":"https:\/\/fernetnero53.com\/en\/wp-json\/wp\/v2\/types\/product"}],"wp:featuredmedia":[{"embeddable":true,"href":"https:\/\/fernetnero53.com\/en\/wp-json\/wp\/v2\/media\/436"}],"wp:attachment":[{"href":"https:\/\/fernetnero53.com\/en\/wp-json\/wp\/v2\/media?parent=907"}],"wp:term":[{"taxonomy":"product_brand","embeddable":true,"href":"https:\/\/fernetnero53.com\/en\/wp-json\/wp\/v2\/product_brand?post=907"},{"taxonomy":"product_cat","embeddable":true,"href":"https:\/\/fernetnero53.com\/en\/wp-json\/wp\/v2\/product_cat?post=907"},{"taxonomy":"product_tag","embeddable":true,"href":"https:\/\/fernetnero53.com\/en\/wp-json\/wp\/v2\/product_tag?post=907"}],"curies":[{"name":"wp","href":"https:\/\/api.w.org\/{rel}","templated":true}]}}