{"id":973,"date":"2019-11-26T09:09:56","date_gmt":"2019-11-26T09:09:56","guid":{"rendered":"https:\/\/fernetnero53.com\/?post_type=product&#038;p=973"},"modified":"2019-11-26T09:16:51","modified_gmt":"2019-11-26T09:16:51","slug":"citrus","status":"publish","type":"product","link":"https:\/\/fernetnero53.com\/en\/product\/citrus\/","title":{"rendered":"Citrus"},"content":{"rendered":"<p><strong>EL AGREGADO DE FRUTAS COMO EL POMELO Y LA LIMA, JUNTO CON CANTIDADES ADICIONALES DE FLORES DE MANZANILLA Y CEDR\u00d3N, RESULTA EN UN SABOR INCRE\u00cdBLEMENTE REFRESCANTE Y C\u00cdTRICO.<\/strong><br \/>\nIt is ideal for combining it with tonic water or in equilibrated fresh drinks <\/p>","protected":false},"excerpt":{"rendered":"<p>Handmade fernet with 53 herbs from different places of the world and matured for 12 months before selling it.<\/p>","protected":false},"featured_media":435,"template":"","meta":{"_acf_changed":false},"product_brand":[],"product_cat":[35],"product_tag":[],"class_list":{"0":"post-973","1":"product","2":"type-product","3":"status-publish","4":"has-post-thumbnail","6":"product_cat-saborizados","8":"first","9":"instock","10":"shipping-taxable","11":"purchasable","12":"product-type-simple"},"acf":[],"_links":{"self":[{"href":"https:\/\/fernetnero53.com\/en\/wp-json\/wp\/v2\/product\/973","targetHints":{"allow":["GET"]}}],"collection":[{"href":"https:\/\/fernetnero53.com\/en\/wp-json\/wp\/v2\/product"}],"about":[{"href":"https:\/\/fernetnero53.com\/en\/wp-json\/wp\/v2\/types\/product"}],"wp:featuredmedia":[{"embeddable":true,"href":"https:\/\/fernetnero53.com\/en\/wp-json\/wp\/v2\/media\/435"}],"wp:attachment":[{"href":"https:\/\/fernetnero53.com\/en\/wp-json\/wp\/v2\/media?parent=973"}],"wp:term":[{"taxonomy":"product_brand","embeddable":true,"href":"https:\/\/fernetnero53.com\/en\/wp-json\/wp\/v2\/product_brand?post=973"},{"taxonomy":"product_cat","embeddable":true,"href":"https:\/\/fernetnero53.com\/en\/wp-json\/wp\/v2\/product_cat?post=973"},{"taxonomy":"product_tag","embeddable":true,"href":"https:\/\/fernetnero53.com\/en\/wp-json\/wp\/v2\/product_tag?post=973"}],"curies":[{"name":"wp","href":"https:\/\/api.w.org\/{rel}","templated":true}]}}